{"id":174,"date":"2025-03-27T12:59:36","date_gmt":"2025-03-27T11:59:36","guid":{"rendered":"https:\/\/collegedemontussan.fr\/?page_id=174"},"modified":"2025-05-14T14:31:17","modified_gmt":"2025-05-14T12:31:17","slug":"mentions-legales","status":"publish","type":"page","link":"https:\/\/collegedemontussan.fr\/index.php\/mentions-legales\/","title":{"rendered":"Mentions l\u00e9gales"},"content":{"rendered":"\n<ul class=\"wp-block-list\">\n<li><strong>Directeur de publication :<\/strong>\u00a0le chef d&#8217;\u00e9tablissement, M. Le N\u00e9dic<\/li>\n\n\n\n<li><strong>H\u00e9bergeur :<\/strong>&nbsp;OVH<\/li>\n<\/ul>\n\n\n\n<p>L\u2019ensemble du site rel\u00e8ve des l\u00e9gislations fran\u00e7aise et internationale sur le droit d\u2019auteur et la propri\u00e9t\u00e9 intellectuelle. Tous les droits de reproduction sont r\u00e9serv\u00e9s, y compris pour les documents t\u00e9l\u00e9chargeables et les repr\u00e9sentations iconographiques et photographiques.<\/p>\n\n\n\n<p>La reproduction de tout ou partie de ce site sur quelque support que ce soit est interdite sauf autorisation pr\u00e9alable (nous contacter) et sauf dans les cas pr\u00e9cis\u00e9s ci-dessous. Toute copie, m\u00eame partielle, de quelques \u00e9l\u00e9ments que ce soit de ce site sans autorisation pr\u00e9alable fera l\u2019objet de poursuites judiciaires.<br>Toute autre utilisation d\u2019\u00e9l\u00e9ments et de pages du site nomm\u00e9 ci-dessus, la diffusion ou la modification sans l\u2019autorisation \u00e9crite pr\u00e9alable, est strictement interdite et constitue une contrefa\u00e7on sanctionn\u00e9e p\u00e9nalement.<br>Nous rappelons que le contenu du site web peut comporter des inexactitudes techniques, erreurs typographiques ou omissions, et que ce contenu peut \u00eatre modifi\u00e9 ou mis \u00e0 jour sans pr\u00e9avis.<br>Par ailleurs, l\u2019\u00e9tablissement nomm\u00e9 ci-dessus ne prend aucun engagement concernant tout autre site auquel vous pourriez avoir acc\u00e8s via son site web, \u00e9tant express\u00e9ment rappel\u00e9 qu\u2019un lien vers un autre site ne signifie aucunement que l\u2019\u00e9tablissement nomm\u00e9 ci-dessus assume une quelconque responsabilit\u00e9 quant au contenu ou l\u2019usage qui peut \u00eatre fait de tels sites.<br>Tout lien avec ce site web doit faire pr\u00e9alablement l\u2019objet d\u2019une demande expresse d\u2019autorisation.<\/p>\n\n\n\n<p>Pour toutes autres informations, remarques, merci d\u2019adresser un courrier \u00e9lectronique \u00e0 l\u2019adresse email :<\/p>\n\n\n\n<p>info.collegedemontussan[at]gmail.com<\/p>\n","protected":false},"excerpt":{"rendered":"<p>L\u2019ensemble du site rel\u00e8ve des l\u00e9gislations fran\u00e7aise et internationale sur le droit d\u2019auteur et la propri\u00e9t\u00e9 intellectuelle. Tous les droits de reproduction sont r\u00e9serv\u00e9s, y compris pour les documents t\u00e9l\u00e9chargeables et les repr\u00e9sentations iconographiques et photographiques. La reproduction de tout ou partie de ce site sur quelque support que ce soit est interdite sauf autorisation [&hellip;]<\/p>\n","protected":false},"author":1,"featured_media":0,"parent":0,"menu_order":0,"comment_status":"closed","ping_status":"closed","template":"","meta":{"footnotes":""},"class_list":["post-174","page","type-page","status-publish","hentry"],"_links":{"self":[{"href":"https:\/\/collegedemontussan.fr\/index.php\/wp-json\/wp\/v2\/pages\/174","targetHints":{"allow":["GET"]}}],"collection":[{"href":"https:\/\/collegedemontussan.fr\/index.php\/wp-json\/wp\/v2\/pages"}],"about":[{"href":"https:\/\/collegedemontussan.fr\/index.php\/wp-json\/wp\/v2\/types\/page"}],"author":[{"embeddable":true,"href":"https:\/\/collegedemontussan.fr\/index.php\/wp-json\/wp\/v2\/users\/1"}],"replies":[{"embeddable":true,"href":"https:\/\/collegedemontussan.fr\/index.php\/wp-json\/wp\/v2\/comments?post=174"}],"version-history":[{"count":2,"href":"https:\/\/collegedemontussan.fr\/index.php\/wp-json\/wp\/v2\/pages\/174\/revisions"}],"predecessor-version":[{"id":234,"href":"https:\/\/collegedemontussan.fr\/index.php\/wp-json\/wp\/v2\/pages\/174\/revisions\/234"}],"wp:attachment":[{"href":"https:\/\/collegedemontussan.fr\/index.php\/wp-json\/wp\/v2\/media?parent=174"}],"curies":[{"name":"wp","href":"https:\/\/api.w.org\/{rel}","templated":true}]}}