{"id":253,"date":"2025-05-16T08:11:42","date_gmt":"2025-05-16T06:11:42","guid":{"rendered":"https:\/\/collegedemontussan.fr\/?page_id=253"},"modified":"2026-02-23T17:36:12","modified_gmt":"2026-02-23T16:36:12","slug":"presentation-du-service","status":"publish","type":"page","link":"https:\/\/collegedemontussan.fr\/index.php\/presentation-du-service\/","title":{"rendered":"Pr\u00e9sentation du service"},"content":{"rendered":"\n<p>Le service Vie Scolaire joue un r\u00f4le central dans la vie quotidienne des \u00e9l\u00e8ves au coll\u00e8ge. Il accompagne les \u00e9l\u00e8ves tout au long de leur scolarit\u00e9 et veille \u00e0 leur bien-\u00eatre, leur s\u00e9curit\u00e9 et au respect du r\u00e8glement int\u00e9rieur.<\/p>\n\n\n\n<p>Il constitue un lieu d\u2019\u00e9coute, d\u2019accompagnement et de m\u00e9diation, favorisant un climat scolaire serein et propice aux apprentissages.<\/p>\n\n\n\n<p>La Vie Scolaire est compos\u00e9e :<\/p>\n\n\n\n<p>De la Conseill\u00e8re Principale d\u2019\u00c9ducation (CPE) : Mme LAGUNA<\/p>\n\n\n\n<p>Des assistants d\u2019\u00e9ducation (AED)<\/p>\n\n\n\n<p>En lien \u00e9troit avec la direction, les enseignants, le service d&rsquo;entretien et de restauration et l\u2019infirmerie<\/p>\n\n\n\n<p>L\u2019\u00e9quipe travaille en collaboration avec l\u2019ensemble de la communaut\u00e9 \u00e9ducative afin d\u2019assurer le suivi des \u00e9l\u00e8ves.<\/p>\n\n\n\n<p><strong>Les Missions :<\/strong> <\/p>\n\n\n\n<p>Suivi des \u00e9l\u00e8ves =<\/p>\n\n\n\n<ul class=\"wp-block-list\">\n<li>Gestion des absences et des retards<\/li>\n\n\n\n<li>Suivi du comportement et de l\u2019assiduit\u00e9<\/li>\n\n\n\n<li>Accompagnement individualis\u00e9<\/li>\n<\/ul>\n\n\n\n<p>Encadrement et s\u00e9curit\u00e9 = <\/p>\n\n\n\n<ul class=\"wp-block-list\">\n<li>Surveillance des temps hors classe (r\u00e9cr\u00e9ations, permanences, demi-pension)<\/li>\n\n\n\n<li>Application du r\u00e8glement int\u00e9rieur<\/li>\n\n\n\n<li>Pr\u00e9vention et gestion des conflits<\/li>\n<\/ul>\n\n\n\n<p>Accompagnement \u00e9ducatif =<\/p>\n\n\n\n<ul class=\"wp-block-list\">\n<li>\u00c9ducation \u00e0 la citoyennet\u00e9<\/li>\n\n\n\n<li>M\u00e9diation entre \u00e9l\u00e8ves<\/li>\n\n\n\n<li>Participation aux projets \u00e9ducatifs et actions de pr\u00e9vention<\/li>\n<\/ul>\n","protected":false},"excerpt":{"rendered":"<p>Le service Vie Scolaire joue un r\u00f4le central dans la vie quotidienne des \u00e9l\u00e8ves au coll\u00e8ge. Il accompagne les \u00e9l\u00e8ves tout au long de leur scolarit\u00e9 et veille \u00e0 leur bien-\u00eatre, leur s\u00e9curit\u00e9 et au respect du r\u00e8glement int\u00e9rieur. Il constitue un lieu d\u2019\u00e9coute, d\u2019accompagnement et de m\u00e9diation, favorisant un climat scolaire serein et propice [&hellip;]<\/p>\n","protected":false},"author":1,"featured_media":0,"parent":0,"menu_order":0,"comment_status":"closed","ping_status":"closed","template":"","meta":{"footnotes":""},"class_list":["post-253","page","type-page","status-publish","hentry"],"_links":{"self":[{"href":"https:\/\/collegedemontussan.fr\/index.php\/wp-json\/wp\/v2\/pages\/253","targetHints":{"allow":["GET"]}}],"collection":[{"href":"https:\/\/collegedemontussan.fr\/index.php\/wp-json\/wp\/v2\/pages"}],"about":[{"href":"https:\/\/collegedemontussan.fr\/index.php\/wp-json\/wp\/v2\/types\/page"}],"author":[{"embeddable":true,"href":"https:\/\/collegedemontussan.fr\/index.php\/wp-json\/wp\/v2\/users\/1"}],"replies":[{"embeddable":true,"href":"https:\/\/collegedemontussan.fr\/index.php\/wp-json\/wp\/v2\/comments?post=253"}],"version-history":[{"count":3,"href":"https:\/\/collegedemontussan.fr\/index.php\/wp-json\/wp\/v2\/pages\/253\/revisions"}],"predecessor-version":[{"id":517,"href":"https:\/\/collegedemontussan.fr\/index.php\/wp-json\/wp\/v2\/pages\/253\/revisions\/517"}],"wp:attachment":[{"href":"https:\/\/collegedemontussan.fr\/index.php\/wp-json\/wp\/v2\/media?parent=253"}],"curies":[{"name":"wp","href":"https:\/\/api.w.org\/{rel}","templated":true}]}}