{"id":257,"date":"2025-05-16T08:12:17","date_gmt":"2025-05-16T06:12:17","guid":{"rendered":"https:\/\/collegedemontussan.fr\/?page_id=257"},"modified":"2025-05-16T08:14:53","modified_gmt":"2025-05-16T06:14:53","slug":"activites-foyer","status":"publish","type":"page","link":"https:\/\/collegedemontussan.fr\/index.php\/activites-foyer\/","title":{"rendered":"Activit\u00e9s foyer \u00e9l\u00e8ves"},"content":{"rendered":"\n<p>(\u00e0 venir)<\/p>\n","protected":false},"excerpt":{"rendered":"<p>(\u00e0 venir)<\/p>\n","protected":false},"author":1,"featured_media":0,"parent":0,"menu_order":0,"comment_status":"closed","ping_status":"closed","template":"","meta":{"footnotes":""},"class_list":["post-257","page","type-page","status-publish","hentry"],"_links":{"self":[{"href":"https:\/\/collegedemontussan.fr\/index.php\/wp-json\/wp\/v2\/pages\/257","targetHints":{"allow":["GET"]}}],"collection":[{"href":"https:\/\/collegedemontussan.fr\/index.php\/wp-json\/wp\/v2\/pages"}],"about":[{"href":"https:\/\/collegedemontussan.fr\/index.php\/wp-json\/wp\/v2\/types\/page"}],"author":[{"embeddable":true,"href":"https:\/\/collegedemontussan.fr\/index.php\/wp-json\/wp\/v2\/users\/1"}],"replies":[{"embeddable":true,"href":"https:\/\/collegedemontussan.fr\/index.php\/wp-json\/wp\/v2\/comments?post=257"}],"version-history":[{"count":2,"href":"https:\/\/collegedemontussan.fr\/index.php\/wp-json\/wp\/v2\/pages\/257\/revisions"}],"predecessor-version":[{"id":267,"href":"https:\/\/collegedemontussan.fr\/index.php\/wp-json\/wp\/v2\/pages\/257\/revisions\/267"}],"wp:attachment":[{"href":"https:\/\/collegedemontussan.fr\/index.php\/wp-json\/wp\/v2\/media?parent=257"}],"curies":[{"name":"wp","href":"https:\/\/api.w.org\/{rel}","templated":true}]}}