{"id":308,"date":"2025-05-16T08:33:59","date_gmt":"2025-05-16T06:33:59","guid":{"rendered":"https:\/\/collegedemontussan.fr\/?page_id=308"},"modified":"2026-02-27T14:13:53","modified_gmt":"2026-02-27T13:13:53","slug":"langues","status":"publish","type":"page","link":"https:\/\/collegedemontussan.fr\/index.php\/langues\/","title":{"rendered":"Langues vivantes"},"content":{"rendered":"<div class=\"wp-block-image\">\n<figure class=\"aligncenter size-large\"><img loading=\"lazy\" decoding=\"async\" width=\"1024\" height=\"558\" src=\"https:\/\/collegedemontussan.fr\/wp-content\/uploads\/2026\/02\/langues-vivantes-36663-1024x558.jpg\" alt=\"\" class=\"wp-image-537\" srcset=\"https:\/\/collegedemontussan.fr\/wp-content\/uploads\/2026\/02\/langues-vivantes-36663-1024x558.jpg 1024w, https:\/\/collegedemontussan.fr\/wp-content\/uploads\/2026\/02\/langues-vivantes-36663-300x163.jpg 300w, https:\/\/collegedemontussan.fr\/wp-content\/uploads\/2026\/02\/langues-vivantes-36663-768x418.jpg 768w, https:\/\/collegedemontussan.fr\/wp-content\/uploads\/2026\/02\/langues-vivantes-36663.jpg 1340w\" sizes=\"auto, (max-width: 1024px) 100vw, 1024px\" \/><\/figure>\n<\/div>\n\n\n<p>LVA = ANGLAIS (obligatoire \u00e0 partir de la 6\u00e8me)<\/p>\n\n\n\n<p>LVB = ESPAGNOL ou ALLEMAND (\u00e0 partir de la 5\u00e8me)<\/p>\n\n\n\n<p>LVA \u00ab\u00a0bilangue\u00a0\u00bb = ANGLAIS \/ ALLEMAND (\u00e0 partir de la 6\u00e8me)<\/p>\n\n\n\n<p>OPTION facultative = Langue et Culture de l&rsquo;Antiquit\u00e9 (LATIN) (\u00e0 partir de la 5\u00e8me)<\/p>\n\n\n\n<p>OPTION facultative = GREC (\u00e0 partir de la 3\u00e8me)<\/p>\n\n\n\n<p>OPTION facultative = section EURO ANGLAIS (\u00e0 partir de la 4\u00e8me)<\/p>\n\n\n\n<p><\/p>\n","protected":false},"excerpt":{"rendered":"<p>LVA = ANGLAIS (obligatoire \u00e0 partir de la 6\u00e8me) LVB = ESPAGNOL ou ALLEMAND (\u00e0 partir de la 5\u00e8me) LVA \u00ab\u00a0bilangue\u00a0\u00bb = ANGLAIS \/ ALLEMAND (\u00e0 partir de la 6\u00e8me) OPTION facultative = Langue et Culture de l&rsquo;Antiquit\u00e9 (LATIN) (\u00e0 partir de la 5\u00e8me) OPTION facultative = GREC (\u00e0 partir de la 3\u00e8me) OPTION facultative [&hellip;]<\/p>\n","protected":false},"author":1,"featured_media":0,"parent":0,"menu_order":0,"comment_status":"closed","ping_status":"closed","template":"","meta":{"footnotes":""},"class_list":["post-308","page","type-page","status-publish","hentry"],"_links":{"self":[{"href":"https:\/\/collegedemontussan.fr\/index.php\/wp-json\/wp\/v2\/pages\/308","targetHints":{"allow":["GET"]}}],"collection":[{"href":"https:\/\/collegedemontussan.fr\/index.php\/wp-json\/wp\/v2\/pages"}],"about":[{"href":"https:\/\/collegedemontussan.fr\/index.php\/wp-json\/wp\/v2\/types\/page"}],"author":[{"embeddable":true,"href":"https:\/\/collegedemontussan.fr\/index.php\/wp-json\/wp\/v2\/users\/1"}],"replies":[{"embeddable":true,"href":"https:\/\/collegedemontussan.fr\/index.php\/wp-json\/wp\/v2\/comments?post=308"}],"version-history":[{"count":4,"href":"https:\/\/collegedemontussan.fr\/index.php\/wp-json\/wp\/v2\/pages\/308\/revisions"}],"predecessor-version":[{"id":539,"href":"https:\/\/collegedemontussan.fr\/index.php\/wp-json\/wp\/v2\/pages\/308\/revisions\/539"}],"wp:attachment":[{"href":"https:\/\/collegedemontussan.fr\/index.php\/wp-json\/wp\/v2\/media?parent=308"}],"curies":[{"name":"wp","href":"https:\/\/api.w.org\/{rel}","templated":true}]}}