{"id":326,"date":"2025-05-16T08:38:23","date_gmt":"2025-05-16T06:38:23","guid":{"rendered":"https:\/\/collegedemontussan.fr\/?page_id=326"},"modified":"2026-02-23T17:43:14","modified_gmt":"2026-02-23T16:43:14","slug":"presentation","status":"publish","type":"page","link":"https:\/\/collegedemontussan.fr\/index.php\/presentation\/","title":{"rendered":"Pr\u00e9sentation"},"content":{"rendered":"\n<p>Le Centre de Documentation et d\u2019Information (CDI) est un espace p\u00e9dagogique, culturel et documentaire ouvert \u00e0 tous les \u00e9l\u00e8ves.<\/p>\n\n\n\n<p>Lieu de lecture, de recherche et d\u2019ouverture culturelle, le CDI accompagne les \u00e9l\u00e8ves dans l\u2019acquisition de l\u2019autonomie, de l\u2019esprit critique et des comp\u00e9tences informationnelles.<\/p>\n\n\n\n<p>Un espace encadr\u00e9 par le professeur documentaliste<\/p>\n\n\n\n<p>Le CDI est anim\u00e9 par le professeur documentaliste, enseignant \u00e0 part enti\u00e8re, qui :<\/p>\n\n\n\n<ul class=\"wp-block-list\">\n<li>Forme les \u00e9l\u00e8ves \u00e0 la recherche d\u2019information<\/li>\n\n\n\n<li>D\u00e9veloppe l\u2019\u00e9ducation aux m\u00e9dias et \u00e0 l\u2019information (EMI)<\/li>\n\n\n\n<li>Accompagne les projets interdisciplinaires<\/li>\n\n\n\n<li>Conseille les \u00e9l\u00e8ves dans leurs lectures<\/li>\n<\/ul>\n\n\n\n<p>Un fonds documentaire riche et vari\u00e9<\/p>\n\n\n\n<p>Le CDI met \u00e0 disposition :<\/p>\n\n\n\n<ul class=\"wp-block-list\">\n<li>Romans (classiques et litt\u00e9rature jeunesse)<\/li>\n\n\n\n<li>Bandes dessin\u00e9es et mangas<\/li>\n\n\n\n<li>Documentaires (histoire, sciences, arts, orientation\u2026)<\/li>\n\n\n\n<li>Revues et p\u00e9riodiques<\/li>\n\n\n\n<li>Ressources num\u00e9riques et acc\u00e8s \u00e0 des bases de donn\u00e9es<\/li>\n<\/ul>\n\n\n\n<p>Les \u00e9l\u00e8ves peuvent consulter les documents sur place ou les emprunter selon les modalit\u00e9s d\u00e9finies par le r\u00e8glement du CDI.<\/p>\n","protected":false},"excerpt":{"rendered":"<p>Le Centre de Documentation et d\u2019Information (CDI) est un espace p\u00e9dagogique, culturel et documentaire ouvert \u00e0 tous les \u00e9l\u00e8ves. Lieu de lecture, de recherche et d\u2019ouverture culturelle, le CDI accompagne les \u00e9l\u00e8ves dans l\u2019acquisition de l\u2019autonomie, de l\u2019esprit critique et des comp\u00e9tences informationnelles. Un espace encadr\u00e9 par le professeur documentaliste Le CDI est anim\u00e9 par [&hellip;]<\/p>\n","protected":false},"author":1,"featured_media":0,"parent":0,"menu_order":0,"comment_status":"closed","ping_status":"closed","template":"","meta":{"footnotes":""},"class_list":["post-326","page","type-page","status-publish","hentry"],"_links":{"self":[{"href":"https:\/\/collegedemontussan.fr\/index.php\/wp-json\/wp\/v2\/pages\/326","targetHints":{"allow":["GET"]}}],"collection":[{"href":"https:\/\/collegedemontussan.fr\/index.php\/wp-json\/wp\/v2\/pages"}],"about":[{"href":"https:\/\/collegedemontussan.fr\/index.php\/wp-json\/wp\/v2\/types\/page"}],"author":[{"embeddable":true,"href":"https:\/\/collegedemontussan.fr\/index.php\/wp-json\/wp\/v2\/users\/1"}],"replies":[{"embeddable":true,"href":"https:\/\/collegedemontussan.fr\/index.php\/wp-json\/wp\/v2\/comments?post=326"}],"version-history":[{"count":3,"href":"https:\/\/collegedemontussan.fr\/index.php\/wp-json\/wp\/v2\/pages\/326\/revisions"}],"predecessor-version":[{"id":519,"href":"https:\/\/collegedemontussan.fr\/index.php\/wp-json\/wp\/v2\/pages\/326\/revisions\/519"}],"wp:attachment":[{"href":"https:\/\/collegedemontussan.fr\/index.php\/wp-json\/wp\/v2\/media?parent=326"}],"curies":[{"name":"wp","href":"https:\/\/api.w.org\/{rel}","templated":true}]}}