{"id":356,"date":"2025-05-16T08:43:26","date_gmt":"2025-05-16T06:43:26","guid":{"rendered":"https:\/\/collegedemontussan.fr\/?page_id=356"},"modified":"2025-11-13T15:49:45","modified_gmt":"2025-11-13T14:49:45","slug":"association-f-s-e","status":"publish","type":"page","link":"https:\/\/collegedemontussan.fr\/index.php\/association-f-s-e\/","title":{"rendered":"Association Foyer Socio-\u00c9ducatif"},"content":{"rendered":"\n<p>L&rsquo;Association \u00ab\u00a0<strong>F.S.E. du coll\u00e8ge de Montussan<\/strong>\u00a0\u00bb est enfin cr\u00e9\u00e9e et les \u00e9l\u00e8ves et les parents qui le souhaitent vont pouvoir y adh\u00e9rer pour la somme de 10 euros.<\/p>\n\n\n\n<p>Le Foyer Socio-Educatif a pour objectif de proposer des activit\u00e9s p\u00e9ri-scolaires aux \u00e9l\u00e8ves durant les pauses m\u00e9ridiennes, de cr\u00e9er des clubs et d&rsquo;acheter des jeux pour tous.<\/p>\n\n\n\n<p>Renseignements utiles : <\/p>\n\n\n<div class=\"wp-block-image\">\n<figure class=\"aligncenter size-large\"><img loading=\"lazy\" decoding=\"async\" width=\"724\" height=\"1024\" src=\"https:\/\/collegedemontussan.fr\/wp-content\/uploads\/2025\/11\/affiche_fse_nov25-724x1024.jpg\" alt=\"\" class=\"wp-image-491\" srcset=\"https:\/\/collegedemontussan.fr\/wp-content\/uploads\/2025\/11\/affiche_fse_nov25-724x1024.jpg 724w, https:\/\/collegedemontussan.fr\/wp-content\/uploads\/2025\/11\/affiche_fse_nov25-212x300.jpg 212w, https:\/\/collegedemontussan.fr\/wp-content\/uploads\/2025\/11\/affiche_fse_nov25-768x1086.jpg 768w, https:\/\/collegedemontussan.fr\/wp-content\/uploads\/2025\/11\/affiche_fse_nov25-1086x1536.jpg 1086w, https:\/\/collegedemontussan.fr\/wp-content\/uploads\/2025\/11\/affiche_fse_nov25.jpg 1414w\" sizes=\"auto, (max-width: 724px) 100vw, 724px\" \/><\/figure>\n<\/div>","protected":false},"excerpt":{"rendered":"<p>L&rsquo;Association \u00ab\u00a0F.S.E. du coll\u00e8ge de Montussan\u00a0\u00bb est enfin cr\u00e9\u00e9e et les \u00e9l\u00e8ves et les parents qui le souhaitent vont pouvoir y adh\u00e9rer pour la somme de 10 euros. Le Foyer Socio-Educatif a pour objectif de proposer des activit\u00e9s p\u00e9ri-scolaires aux \u00e9l\u00e8ves durant les pauses m\u00e9ridiennes, de cr\u00e9er des clubs et d&rsquo;acheter des jeux pour tous. [&hellip;]<\/p>\n","protected":false},"author":1,"featured_media":0,"parent":0,"menu_order":0,"comment_status":"closed","ping_status":"closed","template":"","meta":{"footnotes":""},"class_list":["post-356","page","type-page","status-publish","hentry"],"_links":{"self":[{"href":"https:\/\/collegedemontussan.fr\/index.php\/wp-json\/wp\/v2\/pages\/356","targetHints":{"allow":["GET"]}}],"collection":[{"href":"https:\/\/collegedemontussan.fr\/index.php\/wp-json\/wp\/v2\/pages"}],"about":[{"href":"https:\/\/collegedemontussan.fr\/index.php\/wp-json\/wp\/v2\/types\/page"}],"author":[{"embeddable":true,"href":"https:\/\/collegedemontussan.fr\/index.php\/wp-json\/wp\/v2\/users\/1"}],"replies":[{"embeddable":true,"href":"https:\/\/collegedemontussan.fr\/index.php\/wp-json\/wp\/v2\/comments?post=356"}],"version-history":[{"count":3,"href":"https:\/\/collegedemontussan.fr\/index.php\/wp-json\/wp\/v2\/pages\/356\/revisions"}],"predecessor-version":[{"id":492,"href":"https:\/\/collegedemontussan.fr\/index.php\/wp-json\/wp\/v2\/pages\/356\/revisions\/492"}],"wp:attachment":[{"href":"https:\/\/collegedemontussan.fr\/index.php\/wp-json\/wp\/v2\/media?parent=356"}],"curies":[{"name":"wp","href":"https:\/\/api.w.org\/{rel}","templated":true}]}}