{"id":370,"date":"2025-05-16T08:44:02","date_gmt":"2025-05-16T06:44:02","guid":{"rendered":"https:\/\/collegedemontussan.fr\/?page_id=370"},"modified":"2026-02-23T17:53:44","modified_gmt":"2026-02-23T16:53:44","slug":"conseil-de-la-vie-collegienne","status":"publish","type":"page","link":"https:\/\/collegedemontussan.fr\/index.php\/conseil-de-la-vie-collegienne\/","title":{"rendered":"Conseil de la Vie Coll\u00e9gienne"},"content":{"rendered":"\n<p>Le Conseil de la Vie Coll\u00e9gienne (CVC) est une instance de dialogue et de participation qui permet aux \u00e9l\u00e8ves de s\u2019impliquer activement dans la vie de leur \u00e9tablissement.<\/p>\n\n\n\n<p>Le CVC donne la parole aux coll\u00e9giens afin qu\u2019ils puissent proposer des id\u00e9es, participer \u00e0 des projets et contribuer \u00e0 l\u2019am\u00e9lioration du climat scolaire.<\/p>\n\n\n\n<p>Qui compose le CVC ?<\/p>\n\n\n\n<p>Le CVC est constitu\u00e9 :<\/p>\n\n\n\n<ul class=\"wp-block-list\">\n<li>D\u2019\u00e9l\u00e8ves \u00e9lus ou volontaires<\/li>\n\n\n\n<li>De repr\u00e9sentants de la communaut\u00e9 \u00e9ducative<\/li>\n\n\n\n<li>De membres de la direction<\/li>\n<\/ul>\n\n\n\n<p>Les \u00e9l\u00e8ves sont au c\u0153ur du dispositif : ils expriment leurs id\u00e9es, leurs besoins et leurs propositions.<\/p>\n\n\n\n<p>Les missions du CVC<\/p>\n\n\n\n<ul class=\"wp-block-list\">\n<li>Donner la parole aux \u00e9l\u00e8ves<\/li>\n\n\n\n<li>Recueillir les avis et suggestions<\/li>\n\n\n\n<li>Faire remonter les propositions<\/li>\n\n\n\n<li>Participer aux r\u00e9flexions sur la vie du coll\u00e8ge<\/li>\n\n\n\n<li>Am\u00e9liorer le cadre de vie<\/li>\n\n\n\n<li>Projets d\u2019am\u00e9nagement des espaces<\/li>\n\n\n\n<li>Actions en faveur du bien-\u00eatre<\/li>\n\n\n\n<li>Initiatives solidaires ou \u00e9cologiques<\/li>\n\n\n\n<li>Participer \u00e0 l\u2019animation du coll\u00e8ge<\/li>\n\n\n\n<li>Organisation d\u2019\u00e9v\u00e9nements<\/li>\n\n\n\n<li>Journ\u00e9es th\u00e9matiques<\/li>\n\n\n\n<li>Actions citoyennes<\/li>\n<\/ul>\n\n\n\n<p>Le CVC se r\u00e9unit r\u00e9guli\u00e8rement au cours de l\u2019ann\u00e9e scolaire.<\/p>\n\n\n\n<p>Les projets propos\u00e9s sont \u00e9tudi\u00e9s puis, lorsque cela est possible, mis en \u0153uvre en lien avec la direction et les \u00e9quipes \u00e9ducatives.<\/p>\n","protected":false},"excerpt":{"rendered":"<p>Le Conseil de la Vie Coll\u00e9gienne (CVC) est une instance de dialogue et de participation qui permet aux \u00e9l\u00e8ves de s\u2019impliquer activement dans la vie de leur \u00e9tablissement. Le CVC donne la parole aux coll\u00e9giens afin qu\u2019ils puissent proposer des id\u00e9es, participer \u00e0 des projets et contribuer \u00e0 l\u2019am\u00e9lioration du climat scolaire. Qui compose le [&hellip;]<\/p>\n","protected":false},"author":1,"featured_media":0,"parent":0,"menu_order":0,"comment_status":"closed","ping_status":"closed","template":"","meta":{"footnotes":""},"class_list":["post-370","page","type-page","status-publish","hentry"],"_links":{"self":[{"href":"https:\/\/collegedemontussan.fr\/index.php\/wp-json\/wp\/v2\/pages\/370","targetHints":{"allow":["GET"]}}],"collection":[{"href":"https:\/\/collegedemontussan.fr\/index.php\/wp-json\/wp\/v2\/pages"}],"about":[{"href":"https:\/\/collegedemontussan.fr\/index.php\/wp-json\/wp\/v2\/types\/page"}],"author":[{"embeddable":true,"href":"https:\/\/collegedemontussan.fr\/index.php\/wp-json\/wp\/v2\/users\/1"}],"replies":[{"embeddable":true,"href":"https:\/\/collegedemontussan.fr\/index.php\/wp-json\/wp\/v2\/comments?post=370"}],"version-history":[{"count":3,"href":"https:\/\/collegedemontussan.fr\/index.php\/wp-json\/wp\/v2\/pages\/370\/revisions"}],"predecessor-version":[{"id":523,"href":"https:\/\/collegedemontussan.fr\/index.php\/wp-json\/wp\/v2\/pages\/370\/revisions\/523"}],"wp:attachment":[{"href":"https:\/\/collegedemontussan.fr\/index.php\/wp-json\/wp\/v2\/media?parent=370"}],"curies":[{"name":"wp","href":"https:\/\/api.w.org\/{rel}","templated":true}]}}