{"id":372,"date":"2025-05-16T08:44:14","date_gmt":"2025-05-16T06:44:14","guid":{"rendered":"https:\/\/collegedemontussan.fr\/?page_id=372"},"modified":"2026-02-23T17:56:38","modified_gmt":"2026-02-23T16:56:38","slug":"cesce","status":"publish","type":"page","link":"https:\/\/collegedemontussan.fr\/index.php\/cesce\/","title":{"rendered":"CESCE"},"content":{"rendered":"\n<p>Le Comit\u00e9 d\u2019\u00c9ducation \u00e0 la Sant\u00e9, \u00e0 la Citoyennet\u00e9 et \u00e0 l\u2019Environnement (CESCE) est une instance qui coordonne les actions \u00e9ducatives men\u00e9es au coll\u00e8ge dans les domaines de la sant\u00e9, de la pr\u00e9vention, de la citoyennet\u00e9 et du d\u00e9veloppement durable.<\/p>\n\n\n\n<p>Il s\u2019inscrit dans le parcours \u00e9ducatif de chaque \u00e9l\u00e8ve et contribue \u00e0 la formation du citoyen responsable et \u00e9clair\u00e9.<\/p>\n\n\n\n<p><strong>Une instance collaborative<\/strong><\/p>\n\n\n\n<p>Le CESCE r\u00e9unit :<\/p>\n\n\n\n<ul class=\"wp-block-list\">\n<li>La direction du coll\u00e8ge<\/li>\n\n\n\n<li>Des enseignants<\/li>\n\n\n\n<li>Le \/ la CPE<\/li>\n\n\n\n<li>L\u2019infirmier(\u00e8re) scolaire<\/li>\n\n\n\n<li>Le \/ la psychologue de l\u2019\u00c9ducation nationale<\/li>\n\n\n\n<li>Des repr\u00e9sentants des parents et des \u00e9l\u00e8ves<\/li>\n\n\n\n<li>Des partenaires ext\u00e9rieurs (associations, intervenants sp\u00e9cialis\u00e9s\u2026)<\/li>\n<\/ul>\n\n\n\n<p>Cette diversit\u00e9 permet une approche globale et coh\u00e9rente des actions men\u00e9es.<\/p>\n\n\n\n<p><strong>Les missions du CESCE : <\/strong><\/p>\n\n\n\n<ul class=\"wp-block-list\">\n<li>Pr\u00e9vention des conduites \u00e0 risques<\/li>\n\n\n\n<li>\u00c9ducation affective et relationnelle<\/li>\n\n\n\n<li>Sensibilisation \u00e0 l\u2019hygi\u00e8ne de vie<\/li>\n\n\n\n<li>Actions sur le bien-\u00eatre et la sant\u00e9 mentale<\/li>\n\n\n\n<li>\u00c9ducation \u00e0 la citoyennet\u00e9<\/li>\n\n\n\n<li>Lutte contre le harc\u00e8lement<\/li>\n\n\n\n<li>Promotion du respect et de l\u2019\u00e9galit\u00e9<\/li>\n\n\n\n<li>Actions solidaires<\/li>\n\n\n\n<li>\u00c9ducation aux valeurs r\u00e9publicaines<\/li>\n\n\n\n<li>\u00c9ducation \u00e0 l\u2019environnement et au d\u00e9veloppement durable<\/li>\n\n\n\n<li>Sensibilisation aux \u00e9cogestes<\/li>\n\n\n\n<li>Projets \u00e9coresponsables<\/li>\n\n\n\n<li>Participation \u00e0 des actions de d\u00e9veloppement durable<\/li>\n<\/ul>\n\n\n\n<p><\/p>\n","protected":false},"excerpt":{"rendered":"<p>Le Comit\u00e9 d\u2019\u00c9ducation \u00e0 la Sant\u00e9, \u00e0 la Citoyennet\u00e9 et \u00e0 l\u2019Environnement (CESCE) est une instance qui coordonne les actions \u00e9ducatives men\u00e9es au coll\u00e8ge dans les domaines de la sant\u00e9, de la pr\u00e9vention, de la citoyennet\u00e9 et du d\u00e9veloppement durable. Il s\u2019inscrit dans le parcours \u00e9ducatif de chaque \u00e9l\u00e8ve et contribue \u00e0 la formation du [&hellip;]<\/p>\n","protected":false},"author":1,"featured_media":0,"parent":0,"menu_order":0,"comment_status":"closed","ping_status":"closed","template":"","meta":{"footnotes":""},"class_list":["post-372","page","type-page","status-publish","hentry"],"_links":{"self":[{"href":"https:\/\/collegedemontussan.fr\/index.php\/wp-json\/wp\/v2\/pages\/372","targetHints":{"allow":["GET"]}}],"collection":[{"href":"https:\/\/collegedemontussan.fr\/index.php\/wp-json\/wp\/v2\/pages"}],"about":[{"href":"https:\/\/collegedemontussan.fr\/index.php\/wp-json\/wp\/v2\/types\/page"}],"author":[{"embeddable":true,"href":"https:\/\/collegedemontussan.fr\/index.php\/wp-json\/wp\/v2\/users\/1"}],"replies":[{"embeddable":true,"href":"https:\/\/collegedemontussan.fr\/index.php\/wp-json\/wp\/v2\/comments?post=372"}],"version-history":[{"count":3,"href":"https:\/\/collegedemontussan.fr\/index.php\/wp-json\/wp\/v2\/pages\/372\/revisions"}],"predecessor-version":[{"id":525,"href":"https:\/\/collegedemontussan.fr\/index.php\/wp-json\/wp\/v2\/pages\/372\/revisions\/525"}],"wp:attachment":[{"href":"https:\/\/collegedemontussan.fr\/index.php\/wp-json\/wp\/v2\/media?parent=372"}],"curies":[{"name":"wp","href":"https:\/\/api.w.org\/{rel}","templated":true}]}}