{"id":381,"date":"2025-05-16T08:50:34","date_gmt":"2025-05-16T06:50:34","guid":{"rendered":"https:\/\/collegedemontussan.fr\/?page_id=381"},"modified":"2026-02-23T18:01:55","modified_gmt":"2026-02-23T17:01:55","slug":"associations-de-parents-deleves","status":"publish","type":"page","link":"https:\/\/collegedemontussan.fr\/index.php\/associations-de-parents-deleves\/","title":{"rendered":"Association de parents d&rsquo;\u00e9l\u00e8ves"},"content":{"rendered":"\n<p>L&rsquo;Association \u00ab\u00a0Montuss&rsquo;CAPE\u00a0\u00bb des repr\u00e9sentants des parents d&rsquo;\u00e9l\u00e8ves, vous propose de vous accompagner dans la scolarit\u00e9 de votre enfant en \u00e9tant un interlocuteur privil\u00e9gi\u00e9 et un partenaire du coll\u00e8ge.<\/p>\n\n\n\n<p>Contact : montuss.cape@gmail.com<\/p>\n\n\n\n<p><strong>Ses missions<\/strong><br>Repr\u00e9senter les parents : <\/p>\n\n\n\n<p>Les repr\u00e9sentants \u00e9lus si\u00e8gent dans diff\u00e9rentes instances de l\u2019\u00e9tablissement (conseil d\u2019administration, conseils de classe, commissions\u2026) et portent la voix des familles.<\/p>\n\n\n\n<p>Favoriser le dialogue : <\/p>\n\n\n\n<p>L\u2019association facilite la communication entre les parents et l\u2019\u00e9quipe \u00e9ducative, dans un esprit de coop\u00e9ration et de confiance.<\/p>\n\n\n\n<p>Participer \u00e0 la vie du coll\u00e8ge :<\/p>\n\n\n\n<p>Elle peut soutenir ou organiser : Des actions conviviales, des ventes ou \u00e9v\u00e9nements solidaires, des initiatives au b\u00e9n\u00e9fice des \u00e9l\u00e8ves<\/p>\n\n\n\n<p><strong>Un partenariat essentiel<\/strong><\/p>\n\n\n\n<p>L\u2019Association des Parents d\u2019\u00c9l\u00e8ves contribue \u00e0 renforcer le lien \u00e9cole-famille et participe activement \u00e0 la construction d\u2019un environnement scolaire bienveillant et dynamique.<\/p>\n\n\n\n<p><\/p>\n","protected":false},"excerpt":{"rendered":"<p>L&rsquo;Association \u00ab\u00a0Montuss&rsquo;CAPE\u00a0\u00bb des repr\u00e9sentants des parents d&rsquo;\u00e9l\u00e8ves, vous propose de vous accompagner dans la scolarit\u00e9 de votre enfant en \u00e9tant un interlocuteur privil\u00e9gi\u00e9 et un partenaire du coll\u00e8ge. Contact : montuss.cape@gmail.com Ses missionsRepr\u00e9senter les parents : Les repr\u00e9sentants \u00e9lus si\u00e8gent dans diff\u00e9rentes instances de l\u2019\u00e9tablissement (conseil d\u2019administration, conseils de classe, commissions\u2026) et portent la voix [&hellip;]<\/p>\n","protected":false},"author":1,"featured_media":0,"parent":0,"menu_order":0,"comment_status":"closed","ping_status":"closed","template":"","meta":{"footnotes":""},"class_list":["post-381","page","type-page","status-publish","hentry"],"_links":{"self":[{"href":"https:\/\/collegedemontussan.fr\/index.php\/wp-json\/wp\/v2\/pages\/381","targetHints":{"allow":["GET"]}}],"collection":[{"href":"https:\/\/collegedemontussan.fr\/index.php\/wp-json\/wp\/v2\/pages"}],"about":[{"href":"https:\/\/collegedemontussan.fr\/index.php\/wp-json\/wp\/v2\/types\/page"}],"author":[{"embeddable":true,"href":"https:\/\/collegedemontussan.fr\/index.php\/wp-json\/wp\/v2\/users\/1"}],"replies":[{"embeddable":true,"href":"https:\/\/collegedemontussan.fr\/index.php\/wp-json\/wp\/v2\/comments?post=381"}],"version-history":[{"count":5,"href":"https:\/\/collegedemontussan.fr\/index.php\/wp-json\/wp\/v2\/pages\/381\/revisions"}],"predecessor-version":[{"id":528,"href":"https:\/\/collegedemontussan.fr\/index.php\/wp-json\/wp\/v2\/pages\/381\/revisions\/528"}],"wp:attachment":[{"href":"https:\/\/collegedemontussan.fr\/index.php\/wp-json\/wp\/v2\/media?parent=381"}],"curies":[{"name":"wp","href":"https:\/\/api.w.org\/{rel}","templated":true}]}}